{"id":11172,"date":"2025-01-24T09:45:43","date_gmt":"2025-01-24T09:45:43","guid":{"rendered":"https:\/\/implantcentrelajonquera.com\/declaration-daccessibilite\/"},"modified":"2026-02-09T15:21:51","modified_gmt":"2026-02-09T15:21:51","slug":"declaration-daccessibilite","status":"publish","type":"page","link":"https:\/\/implantcentrelajonquera.com\/fr\/declaration-daccessibilite\/","title":{"rendered":"D\u00e9claration d&rsquo;accessibilit\u00e9"},"content":{"rendered":"\n<p>La pr\u00e9sente d\u00e9claration d&rsquo;accessibilit\u00e9 s&rsquo;applique au site web <strong><a href=\"https:\/\/implantcentrelajonquera.com\/fr\/\">https:\/\/implantcentrelajonquera.com\/<\/a><\/strong>\u00a0:<\/p>\n\n<p><strong>SITUATION DE CONFORMIT\u00c9<\/strong><\/p>\n\n<p>Ce site web est partiellement conforme au <a href=\"http:\/\/www.boe.es\/diario_boe\/txt.php?id=BOE-A-2018-12699\"><strong>RD 1112\/2018<\/strong><\/a> en raison des exceptions et du manque de conformit\u00e9 des aspects indiqu\u00e9s dans le point suivant.<\/p>\n\n<p><strong>CONTENU NON ACCESSIBLE<\/strong><\/p>\n\n<p>Le contenu repris ci-dessous n&rsquo;est pas accessible pour les raisons suivantes\u00a0:<\/p>\n\n<ul class=\"wp-block-list\">\n<li>Manque de conformit\u00e9 avec le RD 1112\/2018<\/li>\n<\/ul>\n\n<p>Il pourrait exister certains aspects de contraste qui ne respectent pas les minimums exig\u00e9s, 3:1, par rapport aux couleurs adjacentes du fond de la section du site web en question. [9.1.4.11 Contraste non textuel] <\/p>\n\n<p>Il pourrait exister certaines \u00e9tiquettes ou instructions qui ne sont pas correctement \u00e9tiquet\u00e9es [9.3.3.2 \u00c9tiquettes ou instructions]<\/p>\n\n<p>Il pourrait exister des messages d&rsquo;\u00e9tat qui ne respectent pas les minimums exig\u00e9s [9.4.1.3 Messages d&rsquo;\u00e9tat]<\/p>\n\n<p>Il pourrait exister des suggestions face \u00e0 des erreurs qui ne respectent pas les minimums exig\u00e9s [9.3.3.3 Suggestions face \u00e0 des erreurs (conditionnel)]<\/p>\n\n<p>Il pourrait exister des erreurs dans la navigation s\u00e9quentielle sur la page web, affectant sa signification ou son fonctionnement [9.2.4.3 Ordre de focalisation]<\/p>\n\n<ul class=\"wp-block-list\">\n<li>Il pourrait exister des erreurs ponctuelles d&rsquo;\u00e9dition sur une page web<\/li>\n<\/ul>\n\n<p>Charge disproportionn\u00e9e<\/p>\n\n<p>Sans objet.<\/p>\n\n<p><strong>PR\u00c9PARATION DE LA D\u00c9CLARATION D&rsquo;ACCESSIBILIT\u00c9 SUIVANTE<\/strong><\/p>\n\n<p>La pr\u00e9sente d\u00e9claration a \u00e9t\u00e9 pr\u00e9par\u00e9e le 25 mars 2025.<\/p>\n\n<p>La m\u00e9thode employ\u00e9e pour pr\u00e9parer la d\u00e9claration a \u00e9t\u00e9 une auto-\u00e9valuation r\u00e9alis\u00e9e par l&rsquo;entreprise elle-m\u00eame.<\/p>\n\n<p><strong>REMARQUES ET COORDONN\u00c9ES<\/strong><\/p>\n\n<p>Vous pouvez faire part de vos observations sur les exigences d&rsquo;accessibilit\u00e9 (article 10.2.a du RD 1112\/2018), par exemple\u00a0:<\/p>\n\n<ul class=\"wp-block-list\">\n<li>Informer sur tout manquement possible de la part de ce site web<\/li>\n\n\n\n<li>Transmettre d&rsquo;autres difficult\u00e9s d&rsquo;acc\u00e8s au contenu<\/li>\n\n\n\n<li>Formuler toute autre question ou suggestion d&rsquo;am\u00e9lioration relative \u00e0 l&rsquo;accessibilit\u00e9 du site web<\/li>\n<\/ul>\n\n<p>Par le biais de l&rsquo;adresse \u00e9lectronique de contact <strong>dental.lajonquera@gmail.com<\/strong><\/p>\n\n<p>Vous pouvez pr\u00e9senter\u00a0:<\/p>\n\n<ul class=\"wp-block-list\">\n<li>Une <strong>plainte<\/strong> relative au respect des exigences du RD 1112\/2018 ou<\/li>\n\n\n\n<li>Une <strong>demande d&rsquo;informations accessibles<\/strong> relative \u00e0\u00a0:<\/li>\n<\/ul>\n\n<p>Les contenus qui sont exclus du champ d&rsquo;application du RD 1112\/2018 conform\u00e9ment aux dispositions de l&rsquo;article 3, paragraphe 4<\/p>\n\n<p>Les contenus qui sont exempt\u00e9s du respect des exigences d&rsquo;accessibilit\u00e9 en raison d&rsquo;une charge disproportionn\u00e9e.<\/p>\n\n<p>Dans la demande d&rsquo;informations accessibles, il convient de pr\u00e9ciser, en toute clart\u00e9, les faits, les raisons et la requ\u00eate qui permettent de constater qu&rsquo;il s&rsquo;agit d&rsquo;une demande raisonnable et l\u00e9gitime.<\/p>\n\n<p>Les plaintes et r\u00e9clamations concernant les informations accessibles seront adress\u00e9es par courrier \u00e9lectronique \u00e0 l&rsquo;adresse susmentionn\u00e9e.<\/p>\n\n<p><strong>PROC\u00c9DURE D&rsquo;APPLICATION<\/strong><\/p>\n\n<p>Si, une fois qu&rsquo;une demande d&rsquo;informations accessibles ou une plainte a \u00e9t\u00e9 introduite, celle-ci a \u00e9t\u00e9 rejet\u00e9e, si la d\u00e9cision adopt\u00e9e ne rencontre pas l&rsquo;accord de l&rsquo;int\u00e9ress\u00e9, ou si la r\u00e9ponse ne satisfait pas aux exigences pr\u00e9vues \u00e0 l&rsquo;article 12.5, l&rsquo;int\u00e9ress\u00e9 pourra introduire une r\u00e9clamation. De m\u00eame, une r\u00e9clamation pourra \u00eatre introduite si le d\u00e9lai de vingt jours ouvrables s&rsquo;est \u00e9coul\u00e9 sans avoir obtenu de r\u00e9ponse. <\/p>\n","protected":false},"excerpt":{"rendered":"<p>La pr\u00e9sente d\u00e9claration d&rsquo;accessibilit\u00e9 s&rsquo;applique au site web https:\/\/implantcentrelajonquera.com\/\u00a0: SITUATION DE CONFORMIT\u00c9 Ce site web est partiellement conforme au RD<\/p>\n","protected":false},"author":6,"featured_media":0,"parent":0,"menu_order":0,"comment_status":"closed","ping_status":"closed","template":"","meta":{"footnotes":""},"class_list":["post-11172","page","type-page","status-publish","hentry"],"_links":{"self":[{"href":"https:\/\/implantcentrelajonquera.com\/fr\/wp-json\/wp\/v2\/pages\/11172","targetHints":{"allow":["GET"]}}],"collection":[{"href":"https:\/\/implantcentrelajonquera.com\/fr\/wp-json\/wp\/v2\/pages"}],"about":[{"href":"https:\/\/implantcentrelajonquera.com\/fr\/wp-json\/wp\/v2\/types\/page"}],"author":[{"embeddable":true,"href":"https:\/\/implantcentrelajonquera.com\/fr\/wp-json\/wp\/v2\/users\/6"}],"replies":[{"embeddable":true,"href":"https:\/\/implantcentrelajonquera.com\/fr\/wp-json\/wp\/v2\/comments?post=11172"}],"version-history":[{"count":1,"href":"https:\/\/implantcentrelajonquera.com\/fr\/wp-json\/wp\/v2\/pages\/11172\/revisions"}],"predecessor-version":[{"id":11173,"href":"https:\/\/implantcentrelajonquera.com\/fr\/wp-json\/wp\/v2\/pages\/11172\/revisions\/11173"}],"wp:attachment":[{"href":"https:\/\/implantcentrelajonquera.com\/fr\/wp-json\/wp\/v2\/media?parent=11172"}],"curies":[{"name":"wp","href":"https:\/\/api.w.org\/{rel}","templated":true}]}}