{"id":11154,"date":"2025-05-07T12:54:25","date_gmt":"2025-05-07T12:54:25","guid":{"rendered":"https:\/\/implantcentrelajonquera.com\/conditions-generales\/"},"modified":"2026-02-09T15:19:40","modified_gmt":"2026-02-09T15:19:40","slug":"conditions-generales","status":"publish","type":"page","link":"https:\/\/implantcentrelajonquera.com\/fr\/conditions-generales\/","title":{"rendered":"Conditions g\u00e9n\u00e9rales"},"content":{"rendered":"\n<h2 class=\"wp-block-heading\">CONDITIONS G\u00c9N\u00c9RALES D&rsquo;UTILISATION<\/h2>\n\n<p>Mis \u00e0 jour le\u00a0: 25\u00a0f\u00e9vrier\u00a02023<\/p>\n\n<p>Les pr\u00e9sentes conditions g\u00e9n\u00e9rales d&rsquo;utilisation s&rsquo;appliquent \u00e0 l&rsquo;utilisation du site web de la clinique Doctor <strong>Implant Centre La Jonquera<\/strong> (la \u00ab\u00a0Clinique\u00a0\u00bb) \u00e9dit\u00e9 par ENPS (l&rsquo;\u00ab\u00a0\u00c9diteur\u00a0\u00bb).<\/p>\n\n<p>En acc\u00e9dant au site web du professionnel (le \u00ab\u00a0Site\u00a0\u00bb) ou en l&rsquo;utilisant, vous acceptez d&rsquo;\u00eatre li\u00e9 par les pr\u00e9sentes conditions g\u00e9n\u00e9rales d&rsquo;utilisation (les \u00ab\u00a0CGU\u00a0\u00bb).<\/p>\n\n<p>Elles incluent express\u00e9ment par r\u00e9f\u00e9rence la <strong>politique de protection des donn\u00e9es personnelles<\/strong> applicable au Site, la charte des cookies du Site ainsi que les <strong>mentions l\u00e9gales<\/strong> du Site.<\/p>\n\n<p>Si vous n&rsquo;acceptez pas les pr\u00e9sentes conditions d&rsquo;utilisation, veuillez ne pas utiliser le Site.<\/p>\n\n<h2 class=\"wp-block-heading\">Modifications<\/h2>\n\n<p>L&rsquo;\u00c9diteur se r\u00e9serve le droit de modifier unilat\u00e9ralement les CGU, \u00e0 tout moment et sans pr\u00e9avis.<\/p>\n\n<p>Par cons\u00e9quent, nous vous invitons \u00e0 consulter r\u00e9guli\u00e8rement les CGU afin de prendre connaissance de ces modifications.<\/p>\n\n<p>Votre utilisation continue du Site apr\u00e8s la publication de toute modification implique votre acceptation de ces modifications.<\/p>\n\n<h2 class=\"wp-block-heading\">Acc\u00e8s au Site<\/h2>\n\n<p>L&rsquo;acc\u00e8s au Site par tout utilisateur est r\u00e9serv\u00e9 \u00e0 un usage strictement personnel\u00a0; en utilisant le Site, vous agissez \u00e0 titre priv\u00e9.<\/p>\n\n<h2 class=\"wp-block-heading\">Contenu du site et limites d&rsquo;utilisation<\/h2>\n\n<p>\u00c0 l&rsquo;exception des \u00e9l\u00e9ments qui appartiennent \u00e0\/sont modifi\u00e9s par le Professionnel ou tout tiers, l&rsquo;ensemble du contenu du Site ou accessible via le Site, y compris les textes, les repr\u00e9sentations graphiques, les interfaces utilisateur, les interfaces visuelles, les photographies, les marques commerciales, les logos, les vid\u00e9os, les images, les applications, les programmes, le code informatique et toute autre information (collectivement d\u00e9nomm\u00e9s \u00ab\u00a0le Contenu\u00a0\u00bb), y compris, mais sans s&rsquo;y limiter, la conception, la disposition, l&rsquo;apparence et l&rsquo;agencement de ce Contenu, sont la propri\u00e9t\u00e9 de l&rsquo;\u00c9diteur ou de ses conc\u00e9dants de licence et sont prot\u00e9g\u00e9s par les droits d&rsquo;auteur, les lois sur les marques commerciales et autres lois relatives \u00e0 la propri\u00e9t\u00e9 intellectuelle et \u00e0 la concurrence d\u00e9loyale.<\/p>\n\n<p>Vous pouvez imprimer ou t\u00e9l\u00e9charger du Contenu du Site pour votre usage strictement personnel, non commercial, informatif ou \u00e9ducatif, \u00e0 condition que vous conserviez intacts tous les avis de droits d&rsquo;auteur et autres avis de propri\u00e9t\u00e9.<\/p>\n\n<p>Vous ne pouvez en aucun cas copier, diffuser, distribuer, modifier, publier, reproduire, stocker, transmettre, publier, traduire ou cr\u00e9er d&rsquo;autres \u0153uvres d\u00e9riv\u00e9es, ni vendre, louer ou conc\u00e9der sous licence tout ou partie du Contenu, des produits ou des services obtenus \u00e0 partir de ce Site, par quelque moyen que ce soit et \u00e0 aucune personne, sauf autorisation expresse des CGU, par le biais d&rsquo;une licence, d&rsquo;un accord d&rsquo;abonnement ou d&rsquo;une autorisation explicite de l&rsquo;\u00c9diteur.<\/p>\n\n<p>Vous acceptez de ne pas effectuer d&rsquo;ing\u00e9nierie inverse, de d\u00e9sassembler, de d\u00e9compiler ou de traduire un logiciel quelconque du Contenu, ni de tenter d&rsquo;obtenir d&rsquo;une autre mani\u00e8re le code source de ce logiciel, sauf dans la mesure express\u00e9ment autoris\u00e9e par la loi applicable, sans le consentement \u00e9crit pr\u00e9alable de l&rsquo;\u00c9diteur.<\/p>\n\n<p>Il vous est interdit de r\u00e9cup\u00e9rer syst\u00e9matiquement du Contenu pour cr\u00e9er ou compiler, directement ou indirectement, une collection, une compilation, une base de donn\u00e9es ou un r\u00e9pertoire sans le consentement \u00e9crit pr\u00e9alable de l&rsquo;\u00c9diteur.<\/p>\n\n<p>L&rsquo;\u00c9diteur n&rsquo;est pas responsable du contenu publi\u00e9 sp\u00e9cifiquement par ou \u00e0 la demande du Professionnel ou de toute personne ext\u00e9rieure \u00e0 l&rsquo;\u00c9diteur.<\/p>\n\n<p>En outre, l&rsquo;\u00c9diteur n&rsquo;est pas responsable de tout \u00e9l\u00e9ment qui ne serait pas conforme \u00e0 la Charte du Conseil de l&rsquo;Ordre des Chirurgiens-Dentistes.<\/p>\n\n<p>Sauf autorisation expresse de l&rsquo;\u00c9diteur, vous acceptez de ne pas utiliser de robot, d&rsquo;araign\u00e9e, de scraper ou autre programme, algorithme ou dispositif de t\u00e9l\u00e9chargement automatique, ou tout processus manuel similaire ou \u00e9quivalent pour\u00a0: (i) rechercher, extraire, cr\u00e9er des liens hypertexte profonds ou indexer de mani\u00e8re continue et automatique tout Contenu\u00a0; (ii) collecter des informations personnelles sur le Site dans le but d&rsquo;envoyer des documents non sollicit\u00e9s ou non autoris\u00e9s\u00a0; ou (iii) provoquer une interruption du fonctionnement du Site ou de l&rsquo;utilisation du Site par un tiers.<\/p>\n\n<p>Si le Site contient des fichiers ou des en-t\u00eates d&rsquo;exclusion de robots, vous acceptez de les respecter et de ne pas utiliser de dispositif, de logiciel ou de routine pour les contourner.<\/p>\n\n<p>Vous acceptez de ne pas tenter d&rsquo;obtenir un acc\u00e8s non autoris\u00e9 \u00e0 une partie ou une fonctionnalit\u00e9 quelconque du Site, \u00e0 tout autre syst\u00e8me ou r\u00e9seau connect\u00e9 au Site ou \u00e0 tout serveur d&rsquo;Elsevier, ni \u00e0 tout produit ou service fourni par, accessible via le Site ou distribu\u00e9 via le Site.<\/p>\n\n<p>Vous acceptez de ne pas explorer, scanner ou tester la vuln\u00e9rabilit\u00e9 du Site ou de tout r\u00e9seau connect\u00e9 au Site, ni de porter atteinte aux mesures de s\u00e9curit\u00e9 ou d&rsquo;authentification du Site ou de tout r\u00e9seau connect\u00e9 au Site.<\/p>\n\n<p>Vous ne pouvez pas utiliser ce Site pour t\u00e9l\u00e9charger et redistribuer des informations publiques ou des logiciels contributifs \u00e0 des fins personnelles, ni distribuer de multiples copies d&rsquo;informations du domaine public ou de logiciels contributifs.<\/p>\n\n<h2 class=\"wp-block-heading\">Droits et autorisations<\/h2>\n\n<p>Toute question concernant la mesure dans laquelle une utilisation particuli\u00e8re est autoris\u00e9e et toute demande d&rsquo;autorisation de publier, reproduire, distribuer, afficher ou r\u00e9aliser des \u0153uvres d\u00e9riv\u00e9es de toute \u0153uvre publi\u00e9e par l&rsquo;\u00c9diteur, de toute image ou autre contenu, doit \u00eatre adress\u00e9e \u00e0 l&rsquo;\u00c9diteur.<\/p>\n\n<h2 class=\"wp-block-heading\">Contenu fourni \u00e0 l&rsquo;\u00e9diteur ou publi\u00e9 en ligne sur le site ou par son interm\u00e9diaire<\/h2>\n\n<p>Nous ne revendiquons pas la propri\u00e9t\u00e9 d&rsquo;un contenu, d&rsquo;une application ou d&rsquo;autres \u00e9l\u00e9ments fournis par le Professionnel ou tout tiers (y compris les opinions et suggestions) et nous ne sommes en aucun cas responsables de leur contenu, de leur exactitude ou de leur conformit\u00e9 aux lois et r\u00e9glementations applicables.<\/p>\n\n<h2 class=\"wp-block-heading\">Notification de violation<\/h2>\n\n<p>Les notifications relatives \u00e0 toute violation pr\u00e9sum\u00e9e des droits de propri\u00e9t\u00e9 intellectuelle doivent \u00eatre envoy\u00e9es directement par courrier \u00e9lectronique \u00e0 l&rsquo;adresse suivante\u00a0: <strong>dental.lajonquera@gmail.com<\/strong><\/p>\n\n<h2 class=\"wp-block-heading\">Liens vers d&rsquo;autres sites<\/h2>\n\n<p>Le Site peut contenir des liens hypertextes vers des sites ou des ressources de tiers.<\/p>\n\n<p>L&rsquo;\u00c9diteur n&rsquo;est pas responsable de la disponibilit\u00e9 des sites ou des ressources externes li\u00e9s au Site par des liens hypertextes, et n&rsquo;assume aucune responsabilit\u00e9 quant au contenu, \u00e0 la publicit\u00e9, aux produits et autres \u00e9l\u00e9ments disponibles sur ou \u00e0 partir de ces sites ou ressources.<\/p>\n\n<p>Toute transaction qui pourrait avoir lieu entre vous et un tiers quelconque se d\u00e9roule uniquement entre vous et ce tiers et ne rel\u00e8ve pas de la responsabilit\u00e9 de l&rsquo;\u00c9diteur.<\/p>\n\n<p>\u00c9tant donn\u00e9 que l&rsquo;\u00c9diteur n&rsquo;est en aucun cas responsable de la disponibilit\u00e9 ou de l&rsquo;exactitude de ces ressources et contenus externes, vous devez consulter les conditions g\u00e9n\u00e9rales et les politiques de confidentialit\u00e9 de ces sites li\u00e9s, car leurs politiques peuvent diff\u00e9rer des n\u00f4tres.<\/p>\n\n<h2 class=\"wp-block-heading\">Exclusion de garanties et de responsabilit\u00e9<\/h2>\n\n<p>La responsabilit\u00e9 de l&rsquo;\u00c9diteur ne pourra \u00eatre engag\u00e9e qu&rsquo;en cas de faits qui lui seraient directement imputables et qui vous causeraient un pr\u00e9judice directement li\u00e9 \u00e0 ces faits.<\/p>\n\n<p>Il ne saurait \u00eatre tenu responsable des dommages indirects.<\/p>\n\n<p>L&rsquo;\u00c9diteur n&rsquo;est pas responsable de la mauvaise utilisation du Site par vous ou de toute faute de votre part ou d&rsquo;actes imputables \u00e0 un tiers.<\/p>\n\n<p>En outre, conform\u00e9ment \u00e0 l&rsquo;article\u00a06-I, 2 et 3 de la loi n\u00b0\u00a02004-575 du 21\u00a0juin\u00a02004 relative \u00e0 la confiance dans l&rsquo;\u00e9conomie num\u00e9rique, l&rsquo;\u00c9diteur ne saurait \u00eatre tenu responsable du contenu mis \u00e0 disposition sur le Site par le Professionnel, \u00e0 moins qu&rsquo;il ne le rende pas rapidement inaccessible apr\u00e8s avoir \u00e9t\u00e9 inform\u00e9 de son ill\u00e9galit\u00e9 dans les conditions pr\u00e9vues par cette loi.<\/p>\n\n<p>Enfin, l&rsquo;\u00c9diteur d\u00e9cline toute responsabilit\u00e9 concernant les services fournis par le Professionnel, auxquels il reste \u00e9tranger.<\/p>\n\n<p>Ni l&rsquo;\u00c9diteur, ni ses fournisseurs ou conc\u00e9dants de licence n&rsquo;offrent de garantie, y compris, mais sans s&rsquo;y limiter, la garantie que le fonctionnement du Site ne sera pas interrompu ou qu&rsquo;il ne contient pas d&rsquo;erreurs, que les d\u00e9fauts seront corrig\u00e9s, que le Site, y compris le serveur qui permet au Site de fonctionner, ne contient pas de virus ou de composants nuisibles\u00a0; ni aucune garantie d&rsquo;exactitude, d&rsquo;int\u00e9grit\u00e9, de fiabilit\u00e9, de disponibilit\u00e9, de validit\u00e9, de qualit\u00e9, de non-violation des op\u00e9rations ou des r\u00e9sultats qui pourraient d\u00e9couler de l&rsquo;utilisation de tout Contenu, des services fournis par le Site, accessibles sur ou via le Site.<\/p>\n\n<p>Dans la mesure maximale permise par la loi applicable, aucune responsabilit\u00e9 n&rsquo;est assum\u00e9e pour toute blessure et\/ou dommage, qu&rsquo;il soit d\u00fb \u00e0 une n\u00e9gligence ou autre, ou qu&rsquo;il r\u00e9sulte de l&rsquo;utilisation ou de la mise en \u0153uvre d&rsquo;une id\u00e9e, d&rsquo;une instruction, d&rsquo;une m\u00e9thode ou d&rsquo;une proc\u00e9dure contenue dans ce Site.<\/p>\n\n<p>L&rsquo;\u00c9diteur ne revendiquera, ne cautionnera ni n&rsquo;assumera aucune responsabilit\u00e9 pour les informations, les directives ou les services de tiers qui pourraient \u00eatre offerts, annonc\u00e9s, fournis ou affich\u00e9s via le Site ou \u00eatre int\u00e9gr\u00e9s au Contenu, aux produits ou aux services qui y sont contenus, ou \u00eatre accessibles ou distribu\u00e9s via le Site.<\/p>\n\n<h2 class=\"wp-block-heading\">Protection des donn\u00e9es personnelles<\/h2>\n\n<p>L&rsquo;Utilisateur est invit\u00e9 \u00e0 consulter la politique de protection des donn\u00e9es personnelles en cliquant <strong>ici<\/strong><\/p>\n\n<h2 class=\"wp-block-heading\">Loi applicable et attribution de juridiction<\/h2>\n\n<p>Les pr\u00e9sentes conditions g\u00e9n\u00e9rales sont soumises dans tous leurs aspects \u00e0 la l\u00e9gislation fran\u00e7aise.<\/p>\n\n<p>Les parties conviennent de faire tout leur possible pour r\u00e9soudre \u00e0 l&rsquo;amiable tout litige qui pourrait na\u00eetre de l&rsquo;interpr\u00e9tation, de l&rsquo;ex\u00e9cution et\/ou de la r\u00e9siliation des CGU.<\/p>\n\n<p>\u00c0 d\u00e9faut d&rsquo;accord dans un d\u00e9lai d&rsquo;un (1) mois, ledit litige sera soumis \u00e0 la comp\u00e9tence exclusive des tribunaux fran\u00e7ais, m\u00eame en cas de demande incidente ou de garantie ou de pluralit\u00e9 de d\u00e9fendeurs.<\/p>\n\n<p>Tout litige qui pourrait na\u00eetre de l&rsquo;interpr\u00e9tation ou de l&rsquo;ex\u00e9cution des CGU sera soumis \u00e0 la juridiction du tribunal comp\u00e9tent dans le ressort de la Cour d&rsquo;appel de Paris.<\/p>\n","protected":false},"excerpt":{"rendered":"<p>CONDITIONS G\u00c9N\u00c9RALES D&rsquo;UTILISATION Mis \u00e0 jour le\u00a0: 25\u00a0f\u00e9vrier\u00a02023 Les pr\u00e9sentes conditions g\u00e9n\u00e9rales d&rsquo;utilisation s&rsquo;appliquent \u00e0 l&rsquo;utilisation du site web de<\/p>\n","protected":false},"author":6,"featured_media":0,"parent":0,"menu_order":0,"comment_status":"closed","ping_status":"closed","template":"","meta":{"footnotes":""},"class_list":["post-11154","page","type-page","status-publish","hentry"],"_links":{"self":[{"href":"https:\/\/implantcentrelajonquera.com\/fr\/wp-json\/wp\/v2\/pages\/11154","targetHints":{"allow":["GET"]}}],"collection":[{"href":"https:\/\/implantcentrelajonquera.com\/fr\/wp-json\/wp\/v2\/pages"}],"about":[{"href":"https:\/\/implantcentrelajonquera.com\/fr\/wp-json\/wp\/v2\/types\/page"}],"author":[{"embeddable":true,"href":"https:\/\/implantcentrelajonquera.com\/fr\/wp-json\/wp\/v2\/users\/6"}],"replies":[{"embeddable":true,"href":"https:\/\/implantcentrelajonquera.com\/fr\/wp-json\/wp\/v2\/comments?post=11154"}],"version-history":[{"count":1,"href":"https:\/\/implantcentrelajonquera.com\/fr\/wp-json\/wp\/v2\/pages\/11154\/revisions"}],"predecessor-version":[{"id":11155,"href":"https:\/\/implantcentrelajonquera.com\/fr\/wp-json\/wp\/v2\/pages\/11154\/revisions\/11155"}],"wp:attachment":[{"href":"https:\/\/implantcentrelajonquera.com\/fr\/wp-json\/wp\/v2\/media?parent=11154"}],"curies":[{"name":"wp","href":"https:\/\/api.w.org\/{rel}","templated":true}]}}