{"id":11166,"date":"2025-01-24T09:46:23","date_gmt":"2025-01-24T09:46:23","guid":{"rendered":"https:\/\/implantcentrelajonquera.com\/avis-legal\/"},"modified":"2026-02-09T15:21:29","modified_gmt":"2026-02-09T15:21:29","slug":"avis-legal","status":"publish","type":"page","link":"https:\/\/implantcentrelajonquera.com\/ca\/avis-legal\/","title":{"rendered":"Av\u00eds Legal"},"content":{"rendered":"\n<p>Per tal de donar compliment a la Llei 34\/2002, de Serveis de la Societat de la Informaci\u00f3 i Comer\u00e7 Electr\u00f2nic; al Reglament europeu 2016\/679, relatiu a la Protecci\u00f3 de les Persones F\u00edsiques pel que fa al tractament de dades personals i a la lliure circulaci\u00f3 d&#8217;aquestes; i la resta de normativa de la Uni\u00f3 o dels Estats membres aplicable en mat\u00e8ria de protecci\u00f3 de dades, informem l&#8217;usuari d&#8217;aquesta p\u00e0gina web el seg\u00fcent:<br\/><strong><br\/>AV\u00cdS LEGAL<\/strong><\/p>\n\n<p><br\/><strong>Identificaci\u00f3 de l&#8217;entitat prestadora dels serveis de la societat de la informaci\u00f3:<\/strong><\/p>\n\n<p>Consultori del Doctor <strong>Implant Center La Jonquera<\/strong> (el \u201cProfessional\u201d)<\/p>\n\n<p><strong>SIRET:<\/strong><\/p>\n\n<p><strong>CARRER MAJOR 132, 17700 LA JONQUERA <\/strong><\/p>\n\n<p><strong>Objecte<\/strong><\/p>\n\n<p><br\/>La prestadora del servei que constitueix aquest lloc o p\u00e0gina web posa a disposici\u00f3 dels usuaris el present document, per donar compliment a les obligacions disposades en la Llei 34\/2002 de Serveis de la Societat de la Informaci\u00f3 i Comer\u00e7 Electr\u00f2nic; al Reglament europeu 2016\/679, relatiu a la Protecci\u00f3 de les Persones F\u00edsiques pel que fa al tractament de dades personals i a la lliure circulaci\u00f3 d&#8217;aquestes; i la resta de normativa aplicable en mat\u00e8ria de protecci\u00f3 de dades de la Uni\u00f3 o dels estats membres, aix\u00ed com informar a tots els usuaris del lloc web respecte a les condicions d&#8217;\u00fas del mateix.<br\/>Tota persona que accedeixi a aquest lloc web assumeix la condici\u00f3 d&#8217;usuari, comprometent-se a l&#8217;observan\u00e7a i compliment rigor\u00f3s de les disposicions aqu\u00ed disposades, aix\u00ed com a qualsevol altra disposici\u00f3 legal que fos d&#8217;aplicaci\u00f3. <br\/>La prestadora es reserva el dret a modificar qualsevol tipus d&#8217;informaci\u00f3 que pogu\u00e9s apar\u00e8ixer al lloc web, sense que hi hagi obligaci\u00f3 de preavisar o posar en coneixement dels usuaris aquestes modificacions, entenent-se com a suficient la publicaci\u00f3 al lloc web. <br\/><br\/><strong>Responsabilitat<\/strong> <\/p>\n\n<p><br\/>La prestadora declina qualsevol tipus de responsabilitat derivada de la informaci\u00f3 publicada al seu lloc web, quan aquesta informaci\u00f3 hagi estat manipulada o introdu\u00efda per un tercer ali\u00e8 a aquesta. <\/p>\n\n<p>Des de llocs web de tercers, \u00e9s possible que es redirigeixi el client a continguts d&#8217;aquest lloc web. At\u00e8s que la prestadora no pot controlar sempre els continguts introdu\u00efts per tercers en els seus llocs web, aquesta no assumeix cap tipus de responsabilitat o obligaci\u00f3 respecte a aquests continguts.  <br\/>La prestadora manifesta que procedir\u00e0 a la retirada immediata de qualsevol contingut que pogu\u00e9s contravenir la legislaci\u00f3 nacional o internacional, la moral o l&#8217;ordre p\u00fablic, procedint a la retirada immediata de la redirecci\u00f3 a aquest contingut i posant-ho en coneixement de les autoritats competents. <br\/>La prestadora no es fa responsable de la informaci\u00f3 i continguts emmagatzemats, a t\u00edtol enunciatiu per\u00f2 no limitatiu: en f\u00f2rums, xats, generadors de blocs, comentaris, xarxes socials o qualsevol altre mitj\u00e0 que permeti a tercers publicar continguts de forma independent a la p\u00e0gina web de la prestadora. No obstant aix\u00f2, i en compliment del que disposa l&#8217;art. 11 i 16 de la Llei de Serveis de la Societat de la Informaci\u00f3 i Correu Electr\u00f2nic, la prestadora es posa a disposici\u00f3 de tots els usuaris, autoritats i forces de seguretat, i es compromet a col\u00b7laborar de forma activa en la retirada o, si escau, el bloqueig de tots aquells continguts que puguin afectar o contravenir la legislaci\u00f3 nacional o internacional, drets de tercers o la moral i l&#8217;ordre p\u00fablic. En cas que l&#8217;usuari consideri que existeix al lloc web algun contingut que pogu\u00e9s ser susceptible d&#8217;aquesta classificaci\u00f3, es prega ho faci saber de forma immediata a la prestadora del lloc web.    <br\/>Aquest lloc web ha estat revisat i provat perqu\u00e8 funcioni correctament. En principi, pot garantir-se el correcte funcionament els 365 dies de l&#8217;any, 24 hores al dia. No obstant aix\u00f2, la prestadora no descarta la possibilitat que existeixin certs errors de programaci\u00f3, o que s&#8217;esdevinguin causes de for\u00e7a major, cat\u00e0strofes naturals, vagues, o circumst\u00e0ncies semblants que facin impossible l&#8217;acc\u00e9s a la p\u00e0gina web.   <\/p>\n\n<p><br\/><strong>Propietat Intel\u00b7lectual i industrial <\/strong><\/p>\n\n<p><br\/>El lloc web, incloent a t\u00edtol enunciatiu, per\u00f2 no limitatiu la seva programaci\u00f3, edici\u00f3, compilaci\u00f3 i altres elements necessaris per al seu funcionament, dissenys, logotips, text i\/o gr\u00e0fics s\u00f3n propietat de la prestadora o, si escau, disposen de llic\u00e8ncia o autoritzaci\u00f3 expressa per part dels autors o propietaris. Tots els continguts del lloc web es troben degudament protegits per la normativa de propietat intel\u00b7lectual i industrial, aix\u00ed com inscrits en els registres p\u00fablics corresponents.  <br\/>Independentment de la finalitat per a la qual fossin destinats, la reproducci\u00f3 total o parcial, \u00fas, explotaci\u00f3, distribuci\u00f3 i comercialitzaci\u00f3, requereix en tot cas de l&#8217;autoritzaci\u00f3 escrita pr\u00e8via per part de la prestadora. Qualsevol \u00fas no autoritzat pr\u00e8viament per part de la prestadora ser\u00e0 considerat un incompliment greu dels drets de propietat intel\u00b7lectual o industrial de l&#8217;autor. <br\/>Els dissenys, logotips, text i\/o gr\u00e0fics aliens a la prestadora i que poguessin apar\u00e8ixer al lloc web, pertanyen als seus respectius propietaris, sent ells mateixos responsables de qualsevol possible controv\u00e8rsia que pogu\u00e9s suscitar respecte a aquests. <br\/>La prestadora, expressament, <strong>NO AUTORITZA<\/strong> que tercers puguin redirigir directament als continguts concrets del lloc web, i en tot cas redirigir al lloc web principal de la prestadora. La prestadora reconeix a favor dels seus titulars els corresponents drets de propietat industrial i intel\u00b7lectual, no implicant la seva sola menci\u00f3 o aparici\u00f3 al lloc web l&#8217;exist\u00e8ncia de drets o responsabilitat alguna de la prestadora sobre els mateixos, com tampoc suport, patrocini o recomanaci\u00f3 per part d&#8217;aquest.   <br\/>Per realitzar qualsevol tipus d&#8217;observaci\u00f3 respecte a possibles incompliments dels drets de propietat intel\u00b7lectual o industrial, aix\u00ed com sobre qualsevol dels continguts del lloc web, pot fer-ho a trav\u00e9s del correu electr\u00f2nic esmentat a l&#8217;encap\u00e7alament.<br\/><br\/><strong>Llei Aplicable i Jurisdicci\u00f3<\/strong> <\/p>\n\n<p><br\/>Per a la resoluci\u00f3 de totes les controv\u00e8rsies o q\u00fcestions relacionades amb el present lloc web o de les activitats en ell desenvolupades, ser\u00e0 d&#8217;aplicaci\u00f3 la legislaci\u00f3 espanyola, a la qual se sotmeten expressament les parts, sent competents per a la resoluci\u00f3 de tots els conflictes derivats o relacionats amb el seu \u00fas els Jutjats i Tribunals.<\/p>\n\n<p><\/p>\n","protected":false},"excerpt":{"rendered":"<p>Per tal de donar compliment a la Llei 34\/2002, de Serveis de la Societat de la Informaci\u00f3 i Comer\u00e7 Electr\u00f2nic;<\/p>\n","protected":false},"author":6,"featured_media":0,"parent":0,"menu_order":0,"comment_status":"closed","ping_status":"closed","template":"","meta":{"footnotes":""},"class_list":["post-11166","page","type-page","status-publish","hentry"],"_links":{"self":[{"href":"https:\/\/implantcentrelajonquera.com\/ca\/wp-json\/wp\/v2\/pages\/11166","targetHints":{"allow":["GET"]}}],"collection":[{"href":"https:\/\/implantcentrelajonquera.com\/ca\/wp-json\/wp\/v2\/pages"}],"about":[{"href":"https:\/\/implantcentrelajonquera.com\/ca\/wp-json\/wp\/v2\/types\/page"}],"author":[{"embeddable":true,"href":"https:\/\/implantcentrelajonquera.com\/ca\/wp-json\/wp\/v2\/users\/6"}],"replies":[{"embeddable":true,"href":"https:\/\/implantcentrelajonquera.com\/ca\/wp-json\/wp\/v2\/comments?post=11166"}],"version-history":[{"count":1,"href":"https:\/\/implantcentrelajonquera.com\/ca\/wp-json\/wp\/v2\/pages\/11166\/revisions"}],"predecessor-version":[{"id":11167,"href":"https:\/\/implantcentrelajonquera.com\/ca\/wp-json\/wp\/v2\/pages\/11166\/revisions\/11167"}],"wp:attachment":[{"href":"https:\/\/implantcentrelajonquera.com\/ca\/wp-json\/wp\/v2\/media?parent=11166"}],"curies":[{"name":"wp","href":"https:\/\/api.w.org\/{rel}","templated":true}]}}