{"id":11164,"date":"2025-01-24T09:46:59","date_gmt":"2025-01-24T09:46:59","guid":{"rendered":"https:\/\/implantcentrelajonquera.com\/politica-de-cookies\/"},"modified":"2026-02-09T15:21:23","modified_gmt":"2026-02-09T15:21:23","slug":"politica-de-cookies","status":"publish","type":"page","link":"https:\/\/implantcentrelajonquera.com\/ca\/politica-de-cookies\/","title":{"rendered":"Pol\u00edtica de cookies"},"content":{"rendered":"\n<h2 class=\"wp-block-heading\">1. Quines dades es recopilen?<\/h2>\n\n<p>Les dades recopilades i processades, en funci\u00f3 dels serveis utilitzats al lloc i en funci\u00f3 de les opcions i configuracions del terminal de l&#8217;usuari (en particular pel que fa a les cookies i altres rastrejadors), s\u00f3n:<\/p>\n\n<p><strong>&#8211; Les dades t\u00e8cniques de navegaci\u00f3 de l&#8217;usuari<\/strong><\/p>\n\n<p>Es tracta \u00fanicament de dades an\u00f2nimes de navegaci\u00f3 de l&#8217;usuari recopilades per l&#8217;editor amb finalitats estad\u00edstiques en el sentit del RGPD: nombre de visites, nombre de p\u00e0gines vistes, temps passat al lloc, geolocalitzaci\u00f3 de l&#8217;usuari i accions al lloc. L&#8217;editor no t\u00e9 acc\u00e9s a les dades personals de l&#8217;usuari i, per tant, no ret\u00e9 cap informaci\u00f3 personal de l&#8217;usuari, que nom\u00e9s \u00e9s accessible i emmagatzemada pel professional. <\/p>\n\n<p><strong>&#8211; Les dades personals de l&#8217;usuari<\/strong><\/p>\n\n<p>Entre aquestes s&#8217;inclouen:<\/p>\n\n<p>&#8211; les dades personals d&#8217;identificaci\u00f3 de l&#8217;usuari: aquestes dades s\u00f3n recollides \u00fanicament pel professional; nom, cognoms, edat, adre\u00e7a de correu electr\u00f2nic, adre\u00e7a postal, dades de contacte telef\u00f2nic, etc.<\/p>\n\n<p>&#8211; les dades personals de salut de l&#8217;usuari: aquestes dades nom\u00e9s s\u00f3n recopilades pel professional com a part del q\u00fcestionari previ a la cita del lloc: historial m\u00e8dic, problemes card\u00edacs, pulmonars, renals, hep\u00e0tics, diabetis, tractaments. Aquestes dades s&#8217;emmagatzemen en un allotjament segur (HDS) que nom\u00e9s pot ser vist pel professional. Les dades cl\u00edniques dentals no es recopilen al lloc web del professional.  <\/p>\n\n<h2 class=\"wp-block-heading\">2. Quan es recullen les dades?<\/h2>\n\n<p>La informaci\u00f3 que vost\u00e8 proporciona es recopila en particular quan accedeix o navega pel lloc, o quan completa el q\u00fcestionari previ a la cita.<\/p>\n\n<p>El car\u00e0cter obligatori de certes dades s&#8217;indica durant la seva recollida mitjan\u00e7ant un asterisc per permetre al professional respondre a les seves sol\u00b7licituds i\/o prestar-li els serveis sol\u00b7licitats.<\/p>\n\n<p>Aquesta informaci\u00f3 tamb\u00e9 es recopila durant la comunicaci\u00f3:<\/p>\n\n<p>&#8211; Correus electr\u00f2nics i SMS de servei<\/p>\n\n<p>Despr\u00e9s de sol\u00b7licitar una cita, rebr\u00e0 un correu electr\u00f2nic de confirmaci\u00f3. Aquests missatges de servei s\u00f3n necessaris per al correcte seguiment de l&#8217;agenda del professional. <\/p>\n\n<p>&#8211; Butlletins informatius per a professionals<\/p>\n\n<p>Si ho ha acceptat, podr\u00e0 rebre informaci\u00f3 del professional mitjan\u00e7ant correu electr\u00f2nic o SMS (comunicacions electr\u00f2niques). Aquests butlletins li permeten mantenir-se actualitzat amb les novetats del professional. <\/p>\n\n<h2 class=\"wp-block-heading\">3. \u00das de les dades recopilades<\/h2>\n\n<p>Les dades personals de l&#8217;usuari s&#8217;utilitzen principalment per a les finalitats seg\u00fcents:<\/p>\n\n<p>&#8211; permetre-li utilitzar els serveis oferts pel lloc;<\/p>\n\n<p>&#8211; posar-nos en contacte amb vost\u00e8 per respondre a les seves sol\u00b7licituds;<\/p>\n\n<p>&#8211; garantir el correcte funcionament de determinades caracter\u00edstiques del lloc;<\/p>\n\n<p>&#8211; establir recomptes an\u00f2nims i estad\u00edstiques d&#8217;audi\u00e8ncia estrictament necess\u00e0ries per a la prestaci\u00f3 dels serveis;<\/p>\n\n<p>&#8211; permetre-li concertar cites amb el professional, informar-lo del seu estat de salut amb antelaci\u00f3 a les properes cites;<\/p>\n\n<p>&#8211; informar-lo sobre els serveis en els quals ha manifestat inter\u00e8s i que se li ofereixen al lloc;<\/p>\n\n<p>&#8211; subscriure&#8217;s a un butllet\u00ed informatiu amb informaci\u00f3 educativa i preventiva sobre salut dental i enviar-li informaci\u00f3 relativa als serveis i novetats del professional;<\/p>\n\n<p>&#8211; permetre el tractament de les seves sol\u00b7licituds per exercir els seus drets;<\/p>\n\n<p>&#8211; respondre a sol\u00b7licituds oficials d&#8217;autoritats p\u00fabliques o judicials autoritzades per a tal efecte.<\/p>\n\n<p>Les dades recopilades no podran ser transferides ni fetes accessibles a cap tercer, excepte (i) qualsevol subcontractista o prove\u00efdor de serveis del professional per raons exclusivament t\u00e8cniques i log\u00edstiques (prove\u00efdors d&#8217;allotjament i manteniment del lloc, prove\u00efdors de gesti\u00f3 de frau, etc.) i (ii) qualsevol reestructuraci\u00f3 del despatx del professional, inclosa la transfer\u00e8ncia total o parcial d&#8217;actius, la fusi\u00f3, l&#8217;absorci\u00f3, l&#8217;adquisici\u00f3, l&#8217;escissi\u00f3 i, de manera m\u00e9s general, qualsevol operaci\u00f3 de reorganitzaci\u00f3.  <\/p>\n\n<p>S&#8217;informa l&#8217;usuari que les dades que el concerneixen no es transmeten per a les finalitats esmentades anteriorment a empreses ubicades en pa\u00efsos fora de la Uni\u00f3 Europea.<\/p>\n\n<p>Finalment, el professional podr\u00e0 estar obligat a comunicar les seves dades personals a tercers quan aquesta comunicaci\u00f3 sigui exigida per una llei, una disposici\u00f3 reglament\u00e0ria o una decisi\u00f3 judicial, o si aquesta comunicaci\u00f3 \u00e9s necess\u00e0ria per garantir la protecci\u00f3 i defensa dels seus drets.<\/p>\n\n<h2 class=\"wp-block-heading\">4. Informaci\u00f3 relativa a l&#8217;intercanvi de dades per part dels usuaris del lloc<\/h2>\n\n<p>El lloc pot permetre-li compartir informaci\u00f3 relacionada amb els serveis del professional al lloc (en la seva versi\u00f3 fixa o m\u00f2bil) en xarxes socials (Facebook, Linkedin, Twitter, etc.), en particular a trav\u00e9s de botons per compartir.<\/p>\n\n<p>L&#8217;acc\u00e9s a aquestes xarxes socials requereix l&#8217;acceptaci\u00f3 de les condicions contractuals incloses les estipulacions relatives a la normativa sobre dades personals per al tractament realitzat per aquestes xarxes, independentment de les p\u00e0gines del lloc que permetin compartir en aquestes xarxes socials.<\/p>\n\n<p>Per con\u00e8ixer m\u00e9s sobre la protecci\u00f3 de les seves dades personals en navegar en aquestes xarxes socials, el convidem a consultar les seves respectives pol\u00edtiques de confidencialitat per tenir ple coneixement de la informaci\u00f3 recopilada per aquests tercers, recordant que tamb\u00e9 pot configurar l&#8217;acc\u00e9s i la confidencialitat de les seves dades directament a les xarxes socials.<\/p>\n\n<p>El professional no \u00e9s responsable de l&#8217;\u00fas posterior que les xarxes socials facin de les seves dades per al seu propi compte. s. <\/p>\n\n<h2 class=\"wp-block-heading\">5. Bases legals i durada del tractament de les dades personals de l&#8217;usuari<\/h2>\n\n<p>El tractament de dades personals est\u00e0 justificat per diferents bases legals.<\/p>\n\n<p>Les dades personals de l&#8217;usuari (i) seran arxivades a efectes comptables i probatoris durant els terminis legals de prescripci\u00f3 o (ii) seran destru\u00efdes una vegada transcorreguts aquests terminis.  <\/p>\n\n<p><strong>Bases legals per al tractament<\/strong><\/p>\n\n<p>&#8211; <strong>consentiment<\/strong> : l&#8217;usuari accepta el tractament de les seves dades personals mitjan\u00e7ant consentiment expr\u00e9s (check box, click, etc.). que podr\u00e0 retirar-se en qualsevol moment; <\/p>\n\n<p>&#8211; <strong>inter\u00e8s leg\u00edtim<\/strong> : el professional t\u00e9 un inter\u00e8s professional en tractar les seves dades que est\u00e0 justificat, equilibrat i no infringeix la seva privacitat. Salvo circumst\u00e0ncies excepcionals, l&#8217;usuari podr\u00e0 oposar-se en qualsevol moment al tractament basat en l&#8217;inter\u00e8s leg\u00edtim notificant-ho al professional; <\/p>\n\n<p>&#8211; <strong>la llei<\/strong> : el tractament de les seves dades personals es fa obligatori per un text legal.<\/p>\n\n<p><strong>Durada dels tractaments<\/strong><\/p>\n\n<p><strong>Dades personals<\/strong> : tractament i emmagatzematge durant un per\u00edode limitat en funci\u00f3 de la finalitat del tractament i de la legislaci\u00f3 aplicable als serveis del lloc.<\/p>\n\n<p>Els terminis de conservaci\u00f3 es determinen sobre la base de la normativa vigent (de 3 a 5 anys) en funci\u00f3 de la finalitat del seg\u00fcent tractament: contactar amb l&#8217;usuari per respondre a les seves sol\u00b7licituds; permetre concertar cites amb el professional, informar-lo de l&#8217;estat de salut de l&#8217;usuari en previsi\u00f3 de properes cites, gestionar el consultori del professional, enviar a l&#8217;usuari informaci\u00f3 sobre prevenci\u00f3 m\u00e8dica o assumptes generals relacionats amb el consultori del professional, permetre al professional processar sol\u00b7licituds d&#8217;exercici de drets relacionats amb dades personals de salut, permetre al professional respondre a sol\u00b7licituds oficials d&#8217;autoritats p\u00fabliques o judicials autoritzades a tal efecte.<\/p>\n\n<p><strong>Dades t\u00e8cniques de navegaci\u00f3<\/strong> : l&#8217;editor aplica els per\u00edodes de retenci\u00f3 de dades personals en la seva qualitat de subcontractista en el sentit del RGPD, sobre la base de les lleis i reglaments vigents (durada variable que no excedeix de 3 a 5 anys) en funci\u00f3 de la finalitat del seg\u00fcent tractament: permetre a l&#8217;usuari utilitzar els serveis oferts pel lloc, permetre el registre i seguiment del seu consentiment per al dip\u00f2sit de cookies i saber que l&#8217;usuari ha llegit la finestra emergent, permetre el tractament de les sol\u00b7licituds de l&#8217;usuari per exercir drets (excloent dades de salut), permetre el correcte funcionament de determinades funcions del lloc i garantir la seguretat del mateix, permetre l&#8217;establiment de recomptes an\u00f2nims i estad\u00edstiques d&#8217;audi\u00e8ncia estrictament necess\u00e0ries per al funcionament del lloc<\/p>\n\n<p>En el marc del tractament realitzat com a subcontractista, l&#8217;editor actua \u00fanicament seguint les instruccions del professional en la seva qualitat de responsable del tractament de dades en el sentit del RGPD i no determina per si mateix la durada de la conservaci\u00f3 de les dades.<\/p>\n\n<p>Al final dels per\u00edodes de retenci\u00f3, les dades personals dels usuaris del lloc s&#8217;eliminen de forma permanent o s&#8217;anonimitzen.<\/p>\n\n<p>Donades les obligacions legals d&#8217;arxiu imposades als prove\u00efdors de serveis sanitaris, aquests podran conservar, en les seves pr\u00f2pies eines, les dades personals de salut de l&#8217;usuari durant per\u00edodes superiors als indicats anteriorment amb la finalitat de garantir un seguiment m\u00e8dic i una atenci\u00f3 \u00f2ptims als pacients.<\/p>\n\n<h2 class=\"wp-block-heading\">6. Quins s\u00f3n els drets de l&#8217;usuari respecte a l&#8217;\u00fas de les seves dades personals?<\/h2>\n\n<p><strong>Condicions d&#8217;exercici dels drets<\/strong><\/p>\n\n<p>D&#8217;acord amb la normativa de protecci\u00f3 de dades personals, l&#8217;usuari podr\u00e0 (i) exercitar els seus drets (acc\u00e9s, rectificaci\u00f3, supressi\u00f3, oposici\u00f3, limitaci\u00f3 i portabilitat quan correspongui) i (ii) definir el dest\u00ed de les seves dades personals \u201cpost mortem\u201d.  <\/p>\n\n<p>Perqu\u00e8 el professional pugui respondre r\u00e0pidament a qualsevol sol\u00b7licitud de l&#8217;usuari a aquest respecte, l&#8217;usuari haur\u00e0 d&#8217;indicar en suport de la seva sol\u00b7licitud el seu cognom, nom, correu electr\u00f2nic, adre\u00e7a i especificar l&#8217;adre\u00e7a a la qual s&#8217;ha d&#8217;enviar la resposta a la seva sol\u00b7licitud.<\/p>\n\n<p>El professional podr\u00e0 realitzar verificacions d&#8217;identitat amb la finalitat de garantir la confidencialitat i seguretat de les dades de l&#8217;usuari. En determinats casos, es podr\u00e0 sol\u00b7licitar una c\u00f2pia d&#8217;un document d&#8217;identitat v\u00e0lid que contingui la seva signatura. Se li enviar\u00e0 una resposta dins del termini d&#8217;un (1) mes a partir de la recepci\u00f3 de la sol\u00b7licitud de l&#8217;usuari.  <\/p>\n\n<p>L&#8217;usuari tamb\u00e9 t\u00e9 dret a presentar una reclamaci\u00f3 davant la Comissi\u00f3 Nacional d&#8217;Inform\u00e0tica i Llibertats (CNIL), en particular al seu lloc web <a href=\"https:\/\/implantcentrelajonquera.fr\/www.cnil.fr\">www.cnil.fr.<\/a><\/p>\n\n<p><strong>Definicions &#8211; Responsable del tractament i Delegat<\/strong><\/p>\n\n<p>El responsable del tractament de les dades personals de l&#8217;usuari \u00e9s el professional les dades de contacte del qual s\u00f3n les seg\u00fcents: <strong>Centre d&#8217;Implantologia La Jonquera <\/strong> \/ <strong><a href=\"mailto:dental.lajonquera@gmail.com\">dental.lajonquera@gmail.com<\/a><\/strong><\/p>\n\n<p>Les dades personals de l&#8217;usuari (incloses les dades de salut) estan allotjades i gestionades per un subcontractista d&#8217;infraestructura f\u00edsica que ha rebut la certificaci\u00f3 HDS (Health Data Host).<\/p>\n\n<p>El professional ha designat dins de la signatura un Delegat de Protecci\u00f3 de Dades Personals (OPD) responsable de garantir la protecci\u00f3 de les dades personals. Pot contactar amb el Delegat de Protecci\u00f3 de Dades Personals del professional a: <strong><a href=\"mailto:dental.lajonquera@gmail.com\">dental.lajonquera@gmail.com<\/a><\/strong> i <strong><a href=\"mailto:dpo@webdentiste.eu\">dpo@webdentiste.eu<\/a> .<\/strong> <\/p>\n","protected":false},"excerpt":{"rendered":"<p>1. Quines dades es recopilen? Les dades recopilades i processades, en funci\u00f3 dels serveis utilitzats al lloc i en funci\u00f3<\/p>\n","protected":false},"author":6,"featured_media":0,"parent":0,"menu_order":0,"comment_status":"closed","ping_status":"closed","template":"","meta":{"footnotes":""},"class_list":["post-11164","page","type-page","status-publish","hentry"],"_links":{"self":[{"href":"https:\/\/implantcentrelajonquera.com\/ca\/wp-json\/wp\/v2\/pages\/11164","targetHints":{"allow":["GET"]}}],"collection":[{"href":"https:\/\/implantcentrelajonquera.com\/ca\/wp-json\/wp\/v2\/pages"}],"about":[{"href":"https:\/\/implantcentrelajonquera.com\/ca\/wp-json\/wp\/v2\/types\/page"}],"author":[{"embeddable":true,"href":"https:\/\/implantcentrelajonquera.com\/ca\/wp-json\/wp\/v2\/users\/6"}],"replies":[{"embeddable":true,"href":"https:\/\/implantcentrelajonquera.com\/ca\/wp-json\/wp\/v2\/comments?post=11164"}],"version-history":[{"count":1,"href":"https:\/\/implantcentrelajonquera.com\/ca\/wp-json\/wp\/v2\/pages\/11164\/revisions"}],"predecessor-version":[{"id":11165,"href":"https:\/\/implantcentrelajonquera.com\/ca\/wp-json\/wp\/v2\/pages\/11164\/revisions\/11165"}],"wp:attachment":[{"href":"https:\/\/implantcentrelajonquera.com\/ca\/wp-json\/wp\/v2\/media?parent=11164"}],"curies":[{"name":"wp","href":"https:\/\/api.w.org\/{rel}","templated":true}]}}