{"id":11162,"date":"2025-01-24T09:45:43","date_gmt":"2025-01-24T09:45:43","guid":{"rendered":"https:\/\/implantcentrelajonquera.com\/declaracio-daccessibilitat\/"},"modified":"2026-02-09T15:21:13","modified_gmt":"2026-02-09T15:21:13","slug":"declaracio-daccessibilitat","status":"publish","type":"page","link":"https:\/\/implantcentrelajonquera.com\/ca\/declaracio-daccessibilitat\/","title":{"rendered":"Declaraci\u00f3 d&#8217;Accessibilitat"},"content":{"rendered":"\n<p>Aquesta declaraci\u00f3 d&#8217;accessibilitat s&#8217;aplica al lloc web <strong><a href=\"https:\/\/implantcentrelajonquera.com\/ca\/\">https:\/\/implantcentrelajonquera.com\/<\/a><\/strong>:<\/p>\n\n<p><strong>SITUACI\u00d3 DE COMPLIMENT<\/strong><\/p>\n\n<p>Aquest lloc web \u00e9s parcialment conforme amb el <a href=\"http:\/\/www.boe.es\/diario_boe\/txt.php?id=BOE-A-2018-12699\"><strong>RD 1112\/2018<\/strong><\/a> a causa de les excepcions i la manca de conformitat dels aspectes que s&#8217;indiquen en el punt seg\u00fcent.<\/p>\n\n<p><strong>CONTINGUT NO ACCESSIBLE<\/strong><\/p>\n\n<p>El contingut que es recull a continuaci\u00f3 no \u00e9s accessible pel seg\u00fcent:<\/p>\n\n<ul class=\"wp-block-list\">\n<li>Manca de conformitat amb el RD 1112\/2018<\/li>\n<\/ul>\n\n<p>Podrien existir alguns aspectes de contrast que no compleixin els m\u00ednims exigits, 3:1, respecte als colors adjacents del fons de la secci\u00f3 del web en q\u00fcesti\u00f3. [9.1.4.11 Contrast no textual] <\/p>\n\n<p>Podrien existir algunes etiquetes o instruccions no etiquetades correctament [9.3.3.2 Etiquetes o instruccions]<\/p>\n\n<p>Podrien existir missatges d&#8217;estat que no compleixin els m\u00ednims exigits [9.4.1.3 Missatges d&#8217;estat]<\/p>\n\n<p>Podrien existir suggeriments davant d&#8217;errors que no compleixin els m\u00ednims exigits [9.3.3.3 Suggeriments davant d&#8217;errors (condicional)]<\/p>\n\n<p>Podrien existir errors en la navegaci\u00f3 seq\u00fcencial per la p\u00e0gina web que afectin el seu significat o la seva operaci\u00f3 [9.2.4.3 Ordre del focus]<\/p>\n\n<ul class=\"wp-block-list\">\n<li>Podrien existir errors puntuals d&#8217;edici\u00f3 en alguna p\u00e0gina web<\/li>\n<\/ul>\n\n<p>C\u00e0rrega desproporcionada<\/p>\n\n<p>No aplica.<\/p>\n\n<p><strong>PREPARACI\u00d3 DE LA SEG\u00dcENT DECLARACI\u00d3 D&#8217;ACCESSIBILITAT<\/strong><\/p>\n\n<p>Aquesta declaraci\u00f3 va ser preparada el 25 de mar\u00e7 de 2025.<\/p>\n\n<p>El m\u00e8tode emprat per preparar la declaraci\u00f3 ha estat una autoavaluaci\u00f3 duta a terme per la pr\u00f2pia empresa.<\/p>\n\n<p><strong>OBSERVACIONS I DADES DE CONTACTE<\/strong><\/p>\n\n<p>Podeu realitzar comunicacions sobre requisits d&#8217;accessibilitat (article 10.2.a del RD 1112\/2018) com, per exemple:<\/p>\n\n<ul class=\"wp-block-list\">\n<li>Informar sobre qualsevol possible incompliment per part d&#8217;aquest lloc web<\/li>\n\n\n\n<li>Transmetre altres dificultats d&#8217;acc\u00e9s al contingut<\/li>\n\n\n\n<li>Formular qualsevol altra consulta o suggeriment de millora relativa a l&#8217;accessibilitat del lloc web<\/li>\n<\/ul>\n\n<p>A trav\u00e9s de l&#8217;email de contacte <strong>dental.lajonquera@gmail.com<\/strong><\/p>\n\n<p>Podeu presentar:<\/p>\n\n<ul class=\"wp-block-list\">\n<li><strong>Queixa <\/strong>relativa al compliment dels requisits del RD 1112\/2018 o<\/li>\n\n\n\n<li><strong>Sol\u00b7licitud d&#8217;Informaci\u00f3 accessible<\/strong> relativa a:<\/li>\n<\/ul>\n\n<p>Continguts que estan exclosos de l&#8217;\u00e0mbit d&#8217;aplicaci\u00f3 del RD 1112\/2018 segons el que estableix l&#8217;article 3, apartat 4<\/p>\n\n<p>Continguts que estan exempts del compliment dels requisits d&#8217;accessibilitat per imposar una c\u00e0rrega desproporcionada.<\/p>\n\n<p>En la Sol\u00b7licitud d&#8217;informaci\u00f3 accessible, s&#8217;ha de concretar, amb tota claredat, els fets, raons i petici\u00f3 que permetin constatar que es tracta d&#8217;una sol\u00b7licitud raonable i leg\u00edtima.<\/p>\n\n<p>Les queixes i reclamacions sobre informaci\u00f3 accessible es realitzaran a trav\u00e9s de l&#8217;email anterior.<\/p>\n\n<p><strong>PROCEDIMENT D&#8217;APLICACI\u00d3<\/strong><\/p>\n\n<p>Si una vegada realitzada una sol\u00b7licitud d&#8217;informaci\u00f3 accessible o queixa, aquesta hagu\u00e9s estat desestimada, no s&#8217;estigu\u00e9s d&#8217;acord amb la decisi\u00f3 adoptada, o la resposta no compl\u00eds els requisits contemplats en l&#8217;article 12.5, la persona interessada podr\u00e0 iniciar una reclamaci\u00f3. Igualment es podr\u00e0 iniciar una reclamaci\u00f3 en el cas que hagi transcorregut el termini de vint dies h\u00e0bils sense haver obtingut resposta. <\/p>\n","protected":false},"excerpt":{"rendered":"<p>Aquesta declaraci\u00f3 d&#8217;accessibilitat s&#8217;aplica al lloc web https:\/\/implantcentrelajonquera.com\/: SITUACI\u00d3 DE COMPLIMENT Aquest lloc web \u00e9s parcialment conforme amb el RD<\/p>\n","protected":false},"author":6,"featured_media":0,"parent":0,"menu_order":0,"comment_status":"closed","ping_status":"closed","template":"","meta":{"footnotes":""},"class_list":["post-11162","page","type-page","status-publish","hentry"],"_links":{"self":[{"href":"https:\/\/implantcentrelajonquera.com\/ca\/wp-json\/wp\/v2\/pages\/11162","targetHints":{"allow":["GET"]}}],"collection":[{"href":"https:\/\/implantcentrelajonquera.com\/ca\/wp-json\/wp\/v2\/pages"}],"about":[{"href":"https:\/\/implantcentrelajonquera.com\/ca\/wp-json\/wp\/v2\/types\/page"}],"author":[{"embeddable":true,"href":"https:\/\/implantcentrelajonquera.com\/ca\/wp-json\/wp\/v2\/users\/6"}],"replies":[{"embeddable":true,"href":"https:\/\/implantcentrelajonquera.com\/ca\/wp-json\/wp\/v2\/comments?post=11162"}],"version-history":[{"count":1,"href":"https:\/\/implantcentrelajonquera.com\/ca\/wp-json\/wp\/v2\/pages\/11162\/revisions"}],"predecessor-version":[{"id":11163,"href":"https:\/\/implantcentrelajonquera.com\/ca\/wp-json\/wp\/v2\/pages\/11162\/revisions\/11163"}],"wp:attachment":[{"href":"https:\/\/implantcentrelajonquera.com\/ca\/wp-json\/wp\/v2\/media?parent=11162"}],"curies":[{"name":"wp","href":"https:\/\/api.w.org\/{rel}","templated":true}]}}