{"id":11150,"date":"2025-05-07T12:54:25","date_gmt":"2025-05-07T12:54:25","guid":{"rendered":"https:\/\/implantcentrelajonquera.com\/termes-i-condicions\/"},"modified":"2026-02-09T15:18:48","modified_gmt":"2026-02-09T15:18:48","slug":"termes-i-condicions","status":"publish","type":"page","link":"https:\/\/implantcentrelajonquera.com\/ca\/termes-i-condicions\/","title":{"rendered":"Termes i Condicions"},"content":{"rendered":"\n<h2 class=\"wp-block-heading\">CONDICIONS GENERALS D&#8217;\u00daS<\/h2>\n\n<p>Actualitzat: 25 de febrer de 2023<\/p>\n\n<p>Les presents condicions generals d&#8217;\u00fas s&#8217;apliquen a l&#8217;\u00fas del lloc web de la cl\u00ednica Doctor <strong>Implant Centre La Jonquera<\/strong> (la \u201cCl\u00ednica\u201d) editat per ENPS (l&#8217;\u201cEditor\u201d).<\/p>\n\n<p>En accedir o utilitzar el lloc web del Professional (el &#8220;Lloc&#8221;), accepteu estar subjecte a aquests termes i condicions d&#8217;\u00fas (els &#8220;T&amp;C&#8221;).<\/p>\n\n<p>Entre aquestes s&#8217;inclou expressament per refer\u00e8ncia la <strong>pol\u00edtica de protecci\u00f3 de dades personals<\/strong> aplicable al Lloc, la carta de cookies del Lloc aix\u00ed com els <strong>avisos legals<\/strong> del Lloc.<\/p>\n\n<p>Si no accepteu aquests Termes d&#8217;\u00fas, no utilitzeu el Lloc.<\/p>\n\n<h2 class=\"wp-block-heading\">Canvis<\/h2>\n\n<p>L&#8217;Editor es reserva el dret de modificar els TyC de forma unilateral, en qualsevol moment i sense previ av\u00eds.<\/p>\n\n<p>Per aix\u00f2 us convidem a consultar peri\u00f2dicament els TyC per estar al corrent d&#8217;aquests canvis.<\/p>\n\n<p>El vostre \u00fas continuat del Lloc despr\u00e9s de la publicaci\u00f3 de qualsevol modificaci\u00f3 implica la vostra acceptaci\u00f3 d&#8217;aquestes modificacions.<\/p>\n\n<h2 class=\"wp-block-heading\">Acc\u00e9s al Lloc<\/h2>\n\n<p>L&#8217;acc\u00e9s al Lloc per part de qualsevol usuari est\u00e0 reservat per a \u00fas estrictament personal; en utilitzar el Lloc, actueu a t\u00edtol privat.<\/p>\n\n<h2 class=\"wp-block-heading\">Contingut del lloc i l\u00edmits d&#8217;\u00fas<\/h2>\n\n<p>A excepci\u00f3 dels elements que pertanyen a\/modificats pel Professional o qualsevol tercer, tot el contingut del Lloc o accessible a trav\u00e9s del Lloc, inclosos textos, representacions gr\u00e0fiques, interf\u00edcies d&#8217;usuari, interf\u00edcies visuals, fotografies, marques comercials, logotips, v\u00eddeos, imatges, aplicacions, programes, codi inform\u00e0tic i qualsevol altra informaci\u00f3 (denominats col\u00b7lectivament &#8220;el Contingut&#8221;), incl\u00f2s, entre d&#8217;altres, el disseny, la disposici\u00f3, l&#8217;aparen\u00e7a i la distribuci\u00f3 d&#8217;aquest Contingut, s\u00f3n propietat de l&#8217;Editor o els seus llicenciants i estan protegits per drets d&#8217;autor, lleis de marques comercials i altres lleis relacionades amb la propietat intel\u00b7lectual i la compet\u00e8ncia deslleial.<\/p>\n\n<p>Podeu imprimir o descarregar Contingut del Lloc per al vostre \u00fas estrictament personal, no comercial, informatiu o educatiu, sempre que mantingueu intactes tots els avisos de drets d&#8217;autor i altres avisos de propietat.<\/p>\n\n<p>No podreu, de cap manera, copiar, difondre, distribuir, modificar, publicar, reproduir, emmagatzemar, transmetre, publicar, traduir o crear altres obres derivades, ni vendre, llogar o llicenciar tot o part del Contingut, productes o serveis obtinguts d&#8217;aquest Lloc, per cap mitj\u00e0 i a cap persona, excepte que estigui expressament autoritzat pels TyC, mitjan\u00e7ant una llic\u00e8ncia, un acord de subscripci\u00f3 o una autoritzaci\u00f3 expl\u00edcita de l&#8217;Editor.<\/p>\n\n<p>Accepteu no realitzar enginyeria inversa, desassemblar, descompilar ni traduir cap programari del Contingut, ni intentar d&#8217;una altra manera obtenir el codi font d&#8217;aquest programari, excepte segons el que permeti expressament la llei aplicable, sense el consentiment previ per escrit de l&#8217;Editor.<\/p>\n\n<p>Se us prohibeix recuperar sistem\u00e0ticament Contingut per crear o compilar, directament o indirectament, una col\u00b7lecci\u00f3, compilaci\u00f3, base de dades o directori sense el consentiment previ per escrit de l&#8217;Editor.<\/p>\n\n<p>L&#8217;Editor no es fa responsable del contingut publicat espec\u00edficament per o a petici\u00f3 del Professional o de qualsevol persona externa a l&#8217;Editor.<\/p>\n\n<p>A m\u00e9s, l&#8217;Editor no es fa responsable de cap element que no compleixi la Carta del Consell de l&#8217;Ordre de Cirurgians Dentistes.<\/p>\n\n<p>A menys que l&#8217;Editor ho autoritzi expressament, accepteu no utilitzar cap robot, aranya, rastrejador o altre programa, algorisme o dispositiu de desc\u00e0rrega autom\u00e0tica, o qualsevol proc\u00e9s manual similar o equivalent per: (i) cercar, extreure, crear hipervincles profunds o indexar de forma cont\u00ednua i autom\u00e0tica qualsevol Contingut; (ii) recopilar informaci\u00f3 personal del Lloc amb el prop\u00f2sit d&#8217;enviar materials no sol\u00b7licitats o no autoritzats; o (iii) causar una interrupci\u00f3 en el funcionament del Lloc o en l&#8217;\u00fas del Lloc per part d&#8217;un tercer.   <\/p>\n\n<p>Si el Lloc cont\u00e9 fitxers o cap\u00e7aleres d&#8217;exclusi\u00f3 de robots, accepteu respectar-los i no utilitzar cap dispositiu, programari o rutina per eludir-los.<\/p>\n\n<p>Accepteu no intentar obtenir acc\u00e9s no autoritzat a cap part o caracter\u00edstica del Lloc, a cap altre sistema o xarxa connectada al Lloc o a qualsevol servidor d&#8217;Elsevier, ni a cap producte o servei proporcionat per, accessible a trav\u00e9s del Lloc o distribu\u00eft a trav\u00e9s del Lloc.<\/p>\n\n<p>Accepteu no explorar, escanejar o provar la vulnerabilitat del Lloc o de qualsevol xarxa connectada al Lloc, o soscavar les mesures de seguretat o autenticaci\u00f3 del Lloc o de qualsevol xarxa connectada al Lloc.<\/p>\n\n<p>No podeu utilitzar aquest Lloc per descarregar i redistribuir informaci\u00f3 p\u00fablica o programari contributiu per a benefici personal, ni distribuir m\u00faltiples c\u00f2pies d&#8217;informaci\u00f3 de domini p\u00fablic o programari contributiu.<\/p>\n\n<h2 class=\"wp-block-heading\">Drets i permisos<\/h2>\n\n<p>Qualsevol pregunta respecte al grau en qu\u00e8 es permet un \u00fas particular i qualsevol sol\u00b7licitud de perm\u00eds per publicar, reproduir, distribuir, exhibir o realitzar obres derivades de qualsevol obra publicada per l&#8217;Editor, qualsevol imatge o altre contingut, s&#8217;ha de dirigir a l&#8217;Editor.<\/p>\n\n<h2 class=\"wp-block-heading\">Contingut proporcionat a l&#8217;editor o publicat en l\u00ednia al lloc o a trav\u00e9s d&#8217;ell<\/h2>\n\n<p>No reclamem la propietat de cap contingut, aplicaci\u00f3 o altres materials proporcionats pel Professional o qualsevol tercer (incloent-hi opinions i suggeriments) i no som de cap manera responsables del seu contingut, precisi\u00f3 o compliment de les lleis i regulacions aplicables.<\/p>\n\n<h2 class=\"wp-block-heading\">Notificaci\u00f3 d&#8217;infracci\u00f3<\/h2>\n\n<p>Les notificacions relatives a qualsevol suposada infracci\u00f3 dels drets de propietat intel\u00b7lectual s&#8217;hauran d&#8217;enviar directament per correu electr\u00f2nic a la seg\u00fcent adre\u00e7a: <strong>dental.lajonquera@gmail.com<\/strong><\/p>\n\n<h2 class=\"wp-block-heading\">Enlla\u00e7os a altres llocs<\/h2>\n\n<p>El Lloc pot contenir hipervincles a llocs o recursos de tercers.<\/p>\n\n<p>L&#8217;Editor no \u00e9s responsable de la disponibilitat de llocs o recursos externs vinculats al Lloc mitjan\u00e7ant hipervincles, i no assumeix cap responsabilitat pel contingut, la publicitat, els productes i altres elements disponibles en o des d&#8217;aquests llocs o recursos.<\/p>\n\n<p>Qualsevol transacci\u00f3 que pugui oc\u00f3rrer entre vosaltres i qualsevol tercer \u00e9s \u00fanicament entre vosaltres i aquest tercer i no \u00e9s responsabilitat de l&#8217;Editor.<\/p>\n\n<p>Com que l&#8217;Editor no \u00e9s de cap manera responsable de la disponibilitat o precisi\u00f3 d&#8217;aquests recursos i continguts externs, heu de consultar els termes i condicions i les pol\u00edtiques de privadesa d&#8217;aquests llocs vinculats, ja que les seves pol\u00edtiques poden diferir de les nostres.<\/p>\n\n<h2 class=\"wp-block-heading\">Exclusi\u00f3 de garanties i responsabilitat<\/h2>\n\n<p>La responsabilitat de l&#8217;Editor nom\u00e9s podr\u00e0 originar-se per fets que li siguin directament imputables i que li causin un perjudici directament vinculat a aquests fets.<\/p>\n\n<p>No es fa responsable de danys indirectes.<\/p>\n\n<p>L&#8217;Editor no es fa responsable del mal \u00fas del Lloc per part vostra ni de cap falta per part vostra ni d&#8217;actes atribu\u00efbles a un tercer.<\/p>\n\n<p>A m\u00e9s, de conformitat amb l&#8217;article 6-I, 2 i 3 de la Llei n\u00fam. 2004-575 del 21 de juny de 2004 relativa a la confian\u00e7a en l&#8217;economia digital, l&#8217;Editor no podr\u00e0 ser considerat responsable del contingut posat a disposici\u00f3 al Lloc pel Professional, a menys que no el faci inaccessible r\u00e0pidament despr\u00e9s de ser informat de la seva il\u00b7legalitat en les condicions previstes per aquesta llei.<\/p>\n\n<p>Finalment, l&#8217;Editor declina tota responsabilitat respecte als serveis prestats pel Professional, als quals roman ali\u00e8.<\/p>\n\n<p>Ni l&#8217;Editor, ni els seus prove\u00efdors o llicenciants ofereixen cap garantia, incloent-hi, per\u00f2 no limitat a, la garantia que el funcionament del Lloc no s&#8217;interrompr\u00e0 o que no cont\u00e9 errors, que els defectes seran corregits, que el Lloc, incl\u00f2s el servidor que permet que el Lloc funcioni, no cont\u00e9 virus o components nocius; ni cap garantia d&#8217;exactitud, integritat, fiabilitat, disponibilitat, validesa, qualitat, no infracci\u00f3 de les operacions o resultats que poguessin resultar de l&#8217;\u00fas de qualsevol Contingut, serveis prestats pel Lloc, accessibles en o a trav\u00e9s del Lloc.<\/p>\n\n<p>En la mesura m\u00e0xima permesa per la llei aplicable, no s&#8217;assumeix cap responsabilitat per qualsevol lesi\u00f3 i\/o dany, ja sigui negligent o d&#8217;una altra manera, o que resulti de l&#8217;\u00fas o la implementaci\u00f3 de qualsevol idea, instrucci\u00f3, m\u00e8tode o procediment contingut en aquest Lloc.<\/p>\n\n<p>L&#8217;Editor no reclamar\u00e0, recolzar\u00e0 ni assumir\u00e0 cap responsabilitat per la informaci\u00f3, les directrius o els serveis de tercers que puguin oferir-se, publicitar-se, proporcionar-se o mostrar-se a trav\u00e9s del Lloc o incorporar-se al Contingut, els productes o els serveis all\u00e0 continguts, o ser accessibles o distribu\u00efts a trav\u00e9s del Lloc.<\/p>\n\n<h2 class=\"wp-block-heading\">Protecci\u00f3 de dades personals<\/h2>\n\n<p>Es convida l&#8217;Usuari a consultar la pol\u00edtica de protecci\u00f3 de dades personals fent <strong>clic aqu\u00ed<\/strong><\/p>\n\n<h2 class=\"wp-block-heading\">Llei aplicable i atribuci\u00f3 de jurisdicci\u00f3<\/h2>\n\n<p>Les presents condicions generals estan subjectes en tots els seus aspectes a la legislaci\u00f3 francesa.<\/p>\n\n<p>Les parts acorden fer tot el possible per resoldre amistosament qualsevol controv\u00e8rsia que pogu\u00e9s sorgir de la interpretaci\u00f3, execuci\u00f3 i\/o terminaci\u00f3 dels T&amp;C.<\/p>\n\n<p>A falta d&#8217;acord en el termini d&#8217;un (1) mes, aquest litigi quedar\u00e0 subjecte a la jurisdicci\u00f3 exclusiva dels tribunals francesos, fins i tot en cas de reclamaci\u00f3 incidental o de garantia o de pluralitat de demandats.<\/p>\n\n<p>Qualsevol controv\u00e8rsia que pogu\u00e9s sorgir de la interpretaci\u00f3 o execuci\u00f3 dels T&amp;C ser\u00e0 sotmesa a la jurisdicci\u00f3 del tribunal competent dins de la jurisdicci\u00f3 del Tribunal d&#8217;Apel\u00b7laci\u00f3 de Par\u00eds.<\/p>\n","protected":false},"excerpt":{"rendered":"<p>CONDICIONS GENERALS D&#8217;\u00daS Actualitzat: 25 de febrer de 2023 Les presents condicions generals d&#8217;\u00fas s&#8217;apliquen a l&#8217;\u00fas del lloc web<\/p>\n","protected":false},"author":6,"featured_media":0,"parent":0,"menu_order":0,"comment_status":"closed","ping_status":"closed","template":"","meta":{"footnotes":""},"class_list":["post-11150","page","type-page","status-publish","hentry"],"_links":{"self":[{"href":"https:\/\/implantcentrelajonquera.com\/ca\/wp-json\/wp\/v2\/pages\/11150","targetHints":{"allow":["GET"]}}],"collection":[{"href":"https:\/\/implantcentrelajonquera.com\/ca\/wp-json\/wp\/v2\/pages"}],"about":[{"href":"https:\/\/implantcentrelajonquera.com\/ca\/wp-json\/wp\/v2\/types\/page"}],"author":[{"embeddable":true,"href":"https:\/\/implantcentrelajonquera.com\/ca\/wp-json\/wp\/v2\/users\/6"}],"replies":[{"embeddable":true,"href":"https:\/\/implantcentrelajonquera.com\/ca\/wp-json\/wp\/v2\/comments?post=11150"}],"version-history":[{"count":1,"href":"https:\/\/implantcentrelajonquera.com\/ca\/wp-json\/wp\/v2\/pages\/11150\/revisions"}],"predecessor-version":[{"id":11151,"href":"https:\/\/implantcentrelajonquera.com\/ca\/wp-json\/wp\/v2\/pages\/11150\/revisions\/11151"}],"wp:attachment":[{"href":"https:\/\/implantcentrelajonquera.com\/ca\/wp-json\/wp\/v2\/media?parent=11150"}],"curies":[{"name":"wp","href":"https:\/\/api.w.org\/{rel}","templated":true}]}}